{"id":327,"date":"2018-12-13T10:19:25","date_gmt":"2018-12-13T09:19:25","guid":{"rendered":"http:\/\/www.herald-avocats.com\/mentions-legales\/"},"modified":"2022-04-14T19:04:58","modified_gmt":"2022-04-14T17:04:58","slug":"mentions-legales","status":"publish","type":"page","link":"https:\/\/www.herald-avocats.com\/en\/mentions-legales\/","title":{"rendered":"Legal Notice"},"content":{"rendered":"<h1 style=\"text-align: center;\"><span style=\"font-size: 18pt;\"><strong>Legal Notice<\/strong><\/span><\/h1>\n<p>&nbsp;<\/p>\n<div class=\"page\" title=\"Page 1\">\n<div class=\"layoutArea\">\n<div class=\"column\">\n<p>In accordance with the applicable texts, you are informed that you are currently on the website herald-avocats.com published by Herald law firm.<\/p>\n<\/div>\n<p><strong>Copyrights<\/strong><\/p>\n<p>All data included in this site (texts, photographs, illustrations, icons, animations, databases) are the exclusive property of Herald. Unless expressly authorized, the reproduction and any use of the works other than individual and private consultation are prohibited.<\/p>\n<p><strong>Corporate Name\u00a0<\/strong><\/p>\n<p>SCP Herald, anciennement Granrut<br \/>\n91 rue du Faubourg St-Honor\u00e9 75008<br \/>\nParis, France<br \/>\nT\u00e9l: +33 (0) 1 53 43 15 15<br \/>\nFax: +33 (0) 1 53 43 15 00<br \/>\nRCS Paris 344 670 518<br \/>\nShare capital: 223 860\u20ac<br \/>\nPublishing Director: Bruno Quint, partner<\/p>\n<p><strong>Website\u00a0conception<\/strong><\/p>\n<p>Adveris \u2013 www.adveris.fr<br \/>\n13 rue d\u2019Uz\u00e8s 75002 Paris, France<br \/>\nT\u00e9l: +33 (0) 1 83 62 85 80<br \/>\nFax: +33 (0) 1 83 62 85 80<br \/>\nRCS Paris 510 706 997<br \/>\nShare capital: 120 000\u20ac<br \/>\nLegal representative: Antoine Gastal, Alexandre Aym\u00e9, Mathieu Gastal<\/p>\n<p><strong>Hosting<\/strong><\/p>\n<p>OVH<br \/>\nSAS au capital de 500 000\u20ac<br \/>\nRCS Roubaix &#8211; Tourcoing 424 761 419 00011<br \/>\nCode APE 721Z &#8211;\u00a0N\u00b0 TVA: FR 22-424-761-419-00011<br \/>\nHead office: 140 Quai du Sartel &#8211; 59100 Roubaix &#8211; France.<br \/>\nT\u00e9l : +33 (0)8 203 203 63<\/p>\n<p><strong>M\u00e9diateur national de la consommation de la profession d&#8217;Avocat<br \/>\n(National consumer ombudsman for the legal profession)<br \/>\n<\/strong><\/p>\n<p>Our firm is at your disposal to meet your expectations regarding the proper execution of the legal or judicial services we provide.<br \/>\nHowever, if, after a prior written complaint addressed to our firm, a dispute of a contractual nature persists, you have the right, with a view to the amicable resolution of the dispute, to refer the matter free of charge to the National Consumer Ombudsman of the legal profession in accordance with the following procedures:<br \/>\nJ\u00e9r\u00f4me Herc\u00e9, m\u00e9diateur de la consommation de la profession d\u2019avocat<br \/>\n180 boulevard Haussmann, 75008 Paris contact : <a href=\"mailto:mediateur@mediateur-consommation-avocat.fr\">mediateur@mediateur-consommation-avocat.fr<\/a><br \/>\n<a href=\"https:\/\/mediateur-consommation-avocat.fr\/contacter-le-mediateur\/\">https:\/\/mediateur-consommation-avocat.fr\/contacter-le-mediateur\/<\/a><\/p>\n<p><strong>Personal data\u00a0<\/strong><\/p>\n<p><strong>Contact Data Protection\u00a0Officer<\/strong><\/p>\n<p>For any information or exercise of your rights regarding the processing of personal data by Herald law firm, you can contact our Data Protection Officer (DPO):<br \/>\n\u2022 by signed letter, with a copy of an identity document to the following address: Cabinet Herald, \u00e0 l\u2019attention du d\u00e9l\u00e9gu\u00e9 \u00e0 la protection des donn\u00e9es (DPO) &#8211; 91 rue du Faubourg Saint-Honor\u00e9 75008 Paris<br \/>\n\u2022 or by email, with a copy of an identity document to the following address: <a href=\"mailto:data@herald-avocats.com\">data@herald-avocats.com<\/a><\/p>\n<p>In accordance with the French Data Protection Act of 6 January 1978 as amended and the general data protection regulation, you have the right to access, query, oppose, limit, portability, delete, modify and rectify information that concern you. Finally, you have the right to define general and specific directives, defining how you intend to exercise these rights after your death.<br \/>\nTo exercise your rights, you must send a letter to Herald law firm, for the attention of the D\u00e9l\u00e9gu\u00e9 \u00e0 la protection des donn\u00e9es (DPO), with a copy of passport\u00a0or identity card, to the following address: Cabinet Herald, \u00e0 l\u2019attention du D\u00e9l\u00e9gu\u00e9 \u00e0 la protection des donn\u00e9es (DPO), 91 rue du Faubourg Saint-Honor\u00e9 \u2013 75008 Paris or the following email address:\u00a0<a href=\"mailto:data@herald-avocats.com\">data@herald-avocats.com<\/a>.<\/p>\n<\/div>\n<\/div>\n","protected":false},"excerpt":{"rendered":"<p>Legal Notice &nbsp; In accordance with the applicable texts, you are informed that you are currently on the website herald-avocats.com published by Herald law firm. Copyrights All data included in this site (texts, photographs, illustrations, icons, animations, databases) are the exclusive property of Herald. Unless expressly authorized, the reproduction and any use of the works [&hellip;]<\/p>\n","protected":false},"author":3,"featured_media":0,"parent":0,"menu_order":0,"comment_status":"closed","ping_status":"closed","template":"template-legal.php","meta":{"_acf_changed":false,"footnotes":""},"class_list":["post-327","page","type-page","status-publish","hentry"],"acf":[],"yoast_head":"<!-- This site is optimized with the Yoast SEO plugin v26.9 - https:\/\/yoast.com\/product\/yoast-seo-wordpress\/ -->\n<title>Legal Notice - Herald - Cabinet d&#039;avocats d&#039;affaires<\/title>\n<meta name=\"robots\" content=\"index, follow, max-snippet:-1, max-image-preview:large, max-video-preview:-1\" \/>\n<link rel=\"canonical\" href=\"https:\/\/www.herald-avocats.com\/en\/mentions-legales\/\" \/>\n<meta property=\"og:locale\" content=\"en_US\" \/>\n<meta property=\"og:type\" content=\"article\" \/>\n<meta property=\"og:title\" content=\"Legal Notice - Herald - Cabinet d&#039;avocats d&#039;affaires\" \/>\n<meta property=\"og:description\" content=\"Legal Notice &nbsp; In accordance with the applicable texts, you are informed that you are currently on the website herald-avocats.com published by Herald law firm. Copyrights All data included in this site (texts, photographs, illustrations, icons, animations, databases) are the exclusive property of Herald. Unless expressly authorized, the reproduction and any use of the works [&hellip;]\" \/>\n<meta property=\"og:url\" content=\"https:\/\/www.herald-avocats.com\/en\/mentions-legales\/\" \/>\n<meta property=\"og:site_name\" content=\"Herald - Cabinet d&#039;avocats d&#039;affaires\" \/>\n<meta property=\"article:publisher\" content=\"https:\/\/www.facebook.com\/Herald.avocats\/\" \/>\n<meta property=\"article:modified_time\" content=\"2022-04-14T17:04:58+00:00\" \/>\n<meta name=\"twitter:card\" content=\"summary_large_image\" \/>\n<meta name=\"twitter:site\" content=\"@Herald_avocats\" \/>\n<meta name=\"twitter:label1\" content=\"Est. reading time\" \/>\n\t<meta name=\"twitter:data1\" content=\"2 minutes\" \/>\n<script type=\"application\/ld+json\" class=\"yoast-schema-graph\">{\"@context\":\"https:\/\/schema.org\",\"@graph\":[{\"@type\":\"WebPage\",\"@id\":\"https:\/\/www.herald-avocats.com\/en\/mentions-legales\/\",\"url\":\"https:\/\/www.herald-avocats.com\/en\/mentions-legales\/\",\"name\":\"Legal Notice - Herald - Cabinet d&#039;avocats d&#039;affaires\",\"isPartOf\":{\"@id\":\"https:\/\/www.herald-avocats.com\/#website\"},\"datePublished\":\"2018-12-13T09:19:25+00:00\",\"dateModified\":\"2022-04-14T17:04:58+00:00\",\"breadcrumb\":{\"@id\":\"https:\/\/www.herald-avocats.com\/en\/mentions-legales\/#breadcrumb\"},\"inLanguage\":\"en-US\",\"potentialAction\":[{\"@type\":\"ReadAction\",\"target\":[\"https:\/\/www.herald-avocats.com\/en\/mentions-legales\/\"]}]},{\"@type\":\"BreadcrumbList\",\"@id\":\"https:\/\/www.herald-avocats.com\/en\/mentions-legales\/#breadcrumb\",\"itemListElement\":[{\"@type\":\"ListItem\",\"position\":1,\"name\":\"Accueil\",\"item\":\"https:\/\/www.herald-avocats.com\/en\/\"},{\"@type\":\"ListItem\",\"position\":2,\"name\":\"Legal Notice\"}]},{\"@type\":\"WebSite\",\"@id\":\"https:\/\/www.herald-avocats.com\/#website\",\"url\":\"https:\/\/www.herald-avocats.com\/\",\"name\":\"Herald - Cabinet d&#039;avocats d&#039;affaires\",\"description\":\"\",\"potentialAction\":[{\"@type\":\"SearchAction\",\"target\":{\"@type\":\"EntryPoint\",\"urlTemplate\":\"https:\/\/www.herald-avocats.com\/?s={search_term_string}\"},\"query-input\":{\"@type\":\"PropertyValueSpecification\",\"valueRequired\":true,\"valueName\":\"search_term_string\"}}],\"inLanguage\":\"en-US\"}]}<\/script>\n<!-- \/ Yoast SEO plugin. -->","yoast_head_json":{"title":"Legal Notice - Herald - Cabinet d&#039;avocats d&#039;affaires","robots":{"index":"index","follow":"follow","max-snippet":"max-snippet:-1","max-image-preview":"max-image-preview:large","max-video-preview":"max-video-preview:-1"},"canonical":"https:\/\/www.herald-avocats.com\/en\/mentions-legales\/","og_locale":"en_US","og_type":"article","og_title":"Legal Notice - Herald - Cabinet d&#039;avocats d&#039;affaires","og_description":"Legal Notice &nbsp; In accordance with the applicable texts, you are informed that you are currently on the website herald-avocats.com published by Herald law firm. Copyrights All data included in this site (texts, photographs, illustrations, icons, animations, databases) are the exclusive property of Herald. Unless expressly authorized, the reproduction and any use of the works [&hellip;]","og_url":"https:\/\/www.herald-avocats.com\/en\/mentions-legales\/","og_site_name":"Herald - Cabinet d&#039;avocats d&#039;affaires","article_publisher":"https:\/\/www.facebook.com\/Herald.avocats\/","article_modified_time":"2022-04-14T17:04:58+00:00","twitter_card":"summary_large_image","twitter_site":"@Herald_avocats","twitter_misc":{"Est. reading time":"2 minutes"},"schema":{"@context":"https:\/\/schema.org","@graph":[{"@type":"WebPage","@id":"https:\/\/www.herald-avocats.com\/en\/mentions-legales\/","url":"https:\/\/www.herald-avocats.com\/en\/mentions-legales\/","name":"Legal Notice - Herald - Cabinet d&#039;avocats d&#039;affaires","isPartOf":{"@id":"https:\/\/www.herald-avocats.com\/#website"},"datePublished":"2018-12-13T09:19:25+00:00","dateModified":"2022-04-14T17:04:58+00:00","breadcrumb":{"@id":"https:\/\/www.herald-avocats.com\/en\/mentions-legales\/#breadcrumb"},"inLanguage":"en-US","potentialAction":[{"@type":"ReadAction","target":["https:\/\/www.herald-avocats.com\/en\/mentions-legales\/"]}]},{"@type":"BreadcrumbList","@id":"https:\/\/www.herald-avocats.com\/en\/mentions-legales\/#breadcrumb","itemListElement":[{"@type":"ListItem","position":1,"name":"Accueil","item":"https:\/\/www.herald-avocats.com\/en\/"},{"@type":"ListItem","position":2,"name":"Legal Notice"}]},{"@type":"WebSite","@id":"https:\/\/www.herald-avocats.com\/#website","url":"https:\/\/www.herald-avocats.com\/","name":"Herald - Cabinet d&#039;avocats d&#039;affaires","description":"","potentialAction":[{"@type":"SearchAction","target":{"@type":"EntryPoint","urlTemplate":"https:\/\/www.herald-avocats.com\/?s={search_term_string}"},"query-input":{"@type":"PropertyValueSpecification","valueRequired":true,"valueName":"search_term_string"}}],"inLanguage":"en-US"}]}},"_links":{"self":[{"href":"https:\/\/www.herald-avocats.com\/en\/wp-json\/wp\/v2\/pages\/327","targetHints":{"allow":["GET"]}}],"collection":[{"href":"https:\/\/www.herald-avocats.com\/en\/wp-json\/wp\/v2\/pages"}],"about":[{"href":"https:\/\/www.herald-avocats.com\/en\/wp-json\/wp\/v2\/types\/page"}],"author":[{"embeddable":true,"href":"https:\/\/www.herald-avocats.com\/en\/wp-json\/wp\/v2\/users\/3"}],"replies":[{"embeddable":true,"href":"https:\/\/www.herald-avocats.com\/en\/wp-json\/wp\/v2\/comments?post=327"}],"version-history":[{"count":0,"href":"https:\/\/www.herald-avocats.com\/en\/wp-json\/wp\/v2\/pages\/327\/revisions"}],"wp:attachment":[{"href":"https:\/\/www.herald-avocats.com\/en\/wp-json\/wp\/v2\/media?parent=327"}],"curies":[{"name":"wp","href":"https:\/\/api.w.org\/{rel}","templated":true}]}}